{"id":68,"date":"2017-09-12T18:00:10","date_gmt":"2017-09-12T16:00:10","guid":{"rendered":"https:\/\/www.idforyou.fr\/blog\/?page_id=68"},"modified":"2017-10-03T10:51:11","modified_gmt":"2017-10-03T08:51:11","slug":"decouvrez-la-magie-de-la-technologie-magconnect","status":"publish","type":"page","link":"https:\/\/www.idforyou.fr\/blog\/decouvrez-la-magie-de-la-technologie-magconnect\/","title":{"rendered":"\u00ab D\u00e9couvrez la magie de la technologie MagConnect\u2122\u00a0\u00bb"},"content":{"rendered":"<p style=\"text-align: justify;\"><span style=\"font-size: 10pt; font-family: helvetica, arial, sans-serif;\">La technologie MagConnect\u2122, brevet\u00e9e par THE JOY FACTORY, est r\u00e9volutionnaire. En effet, elle permet une parfaite fixation de votre iPad gr\u00e2ce \u00e0 un aimant de 3 cm de diam\u00e8tre, situ\u00e9 au dos de la coque de protection.\u00a0<\/span><span style=\"font-size: 10pt; font-family: helvetica, arial, sans-serif;\">Cette fixation est elle-m\u00eame s\u00e9curis\u00e9e par une petite vis de serrage qui garantit une stabilit\u00e9 \u00e0 <\/span><span style=\"font-size: 10pt; font-family: helvetica, arial, sans-serif;\">toute \u00e9preuve !<\/span><\/p>\n<table class=\" aligncenter\" style=\"width: 600px;\" border=\"0\" cellspacing=\"30\" cellpadding=\"0\">\n<tbody>\n<tr>\n<td style=\"width: 200px; text-align: left; vertical-align: top;\"><img loading=\"lazy\" class=\"alignnone wp-image-89\" src=\"https:\/\/www.idforyou.fr\/blog\/wp-content\/uploads\/2017\/03\/spky7.gif\" alt=\"\" width=\"200\" height=\"200\" \/><\/p>\n<p><span style=\"font-family: helvetica, arial, sans-serif; color: #a7c4c8;\"><strong>SOLIDITE ET<br \/>\nLEGERETE<\/strong><\/span><br \/>\n<span style=\"font-size: 10pt; font-family: helvetica, arial, sans-serif;\"> Les supports MagConnect<\/span><br \/>\n<span style=\"font-size: 10pt; font-family: helvetica, arial, sans-serif;\"> sont compos\u00e9s d&rsquo;un ou deux bras en fibre de carbone.<\/span><br \/>\n<span style=\"font-size: 10pt; font-family: helvetica, arial, sans-serif;\"> Cette mati\u00e8re de tr\u00e8s haute qualit\u00e9 allie r\u00e9sistance et<\/span><br \/>\n<span style=\"font-size: 10pt; font-family: helvetica, arial, sans-serif;\"> faible densit\u00e9. Peu de concurrents peuvent se<\/span><br \/>\n<span style=\"font-size: 10pt; font-family: helvetica, arial, sans-serif;\"> targuer de proposer un<\/span><br \/>\n<span style=\"font-size: 10pt; font-family: helvetica, arial, sans-serif;\"> aussi bel alliage.<\/span><\/p>\n<p><span style=\"font-size: 10pt; font-family: helvetica, arial, sans-serif;\"><strong>Un v\u00e9ritable gage de durabilit\u00e9 !<\/strong><\/span><\/td>\n<td style=\"width: 200px; text-align: left; vertical-align: top;\"><img loading=\"lazy\" class=\"alignnone wp-image-92\" src=\"https:\/\/www.idforyou.fr\/blog\/wp-content\/uploads\/2017\/03\/spk90.gif\" alt=\"\" width=\"200\" height=\"200\" \/><\/p>\n<p><span style=\"font-family: helvetica, arial, sans-serif; color: #a7c4c8;\"><b>CONNEXION<br \/>\nRAPIDE<\/b><\/span><br \/>\n<span style=\"font-family: helvetica, arial, sans-serif; font-size: 10pt;\"> La technologie brevet\u00e9e MagConnect est tr\u00e8s ing\u00e9nieuse. Votre tablette<\/span><br \/>\n<span style=\"font-family: helvetica, arial, sans-serif; font-size: 10pt;\"> ou votre smartphone est d&rsquo;abord ins\u00e9r\u00e9 dans une<\/span><br \/>\n<span style=\"font-family: helvetica, arial, sans-serif; font-size: 10pt;\"> coque r\u00e9ceptrice compatible, puis fix\u00e9 au support \u00e0 l&rsquo;aide<\/span><br \/>\n<span style=\"font-family: helvetica, arial, sans-serif; font-size: 10pt;\"> de l&rsquo;aimant. Une vis de<\/span><br \/>\n<span style=\"font-family: helvetica, arial, sans-serif; font-size: 10pt;\"> serrage vient s\u00e9curiser<\/span><br \/>\n<span style=\"font-family: helvetica, arial, sans-serif; font-size: 10pt;\"> le tout.<\/span><br \/>\n<span style=\"font-family: helvetica, arial, sans-serif; font-size: 10pt;\"> <b><br \/>\nFacile et rapide !<\/b><\/span><\/td>\n<td style=\"width: 200px; text-align: left; vertical-align: top;\"><img loading=\"lazy\" class=\"alignnone wp-image-91\" src=\"https:\/\/www.idforyou.fr\/blog\/wp-content\/uploads\/2017\/03\/spk91.gif\" alt=\"\" width=\"200\" height=\"200\" \/><\/p>\n<p><span style=\"font-family: helvetica, arial, sans-serif; color: #a7c4c8;\"><b>AJUSTABLE<br \/>\nA L&rsquo;INFINI<\/b><\/span><br \/>\n<span style=\"font-size: 10pt; font-family: helvetica, arial, sans-serif;\">Les supports MagConnect<\/span><br \/>\n<span style=\"font-size: 10pt; font-family: helvetica, arial, sans-serif;\"> sont \u00e9quip\u00e9s de deux ou<\/span><br \/>\n<span style=\"font-size: 10pt; font-family: helvetica, arial, sans-serif;\"> trois jointures sph\u00e9riques permettant un ajustement personnalis\u00e9 total. A la<\/span><br \/>\n<span style=\"font-size: 10pt; font-family: helvetica, arial, sans-serif;\"> base, entre les 2 bras,<\/span><br \/>\n<span style=\"font-size: 10pt; font-family: helvetica, arial, sans-serif;\"> et au niveau de la partie r\u00e9ceptrice. Chacune<\/span><br \/>\n<span style=\"font-size: 10pt; font-family: helvetica, arial, sans-serif;\"> pouvant pivoter sur 360\u00b0.<\/span><\/p>\n<p><span style=\"font-size: 10pt; font-family: helvetica, arial, sans-serif;\"><b>Confort d&rsquo;utilisation garanti !<\/b><\/span><\/td>\n<\/tr>\n<\/tbody>\n<\/table>\n<hr \/>\n<p style=\"text-align: justify;\"><span style=\"font-size: 10pt; font-family: helvetica, arial, sans-serif;\">Nous vous proposons une large gamme de supports compatibles MagConnect\u2122 vous n\u2019aurez ainsi qu\u2019\u00e0 faire votre choix en fonction de l\u2019utilisation que vous souhaitez faire de ce support entre :<\/span><br \/>\n<span style=\"font-size: 10pt;\"><strong><span style=\"font-family: helvetica, arial, sans-serif;\"><a href=\"https:\/\/www.idforyou.fr\/fr\/magconnect\/337-support-fixation-trepied.html\" target=\"_blank\" rel=\"noopener\">&#8211; La fixation sur tr\u00e9pied (pour les artistes, photographes, musiciens, et bien d\u2019autres)<br \/>\n<\/a><a href=\"https:\/\/www.idforyou.fr\/fr\/magconnect\/338-support-fixation-sur-tube.html\" target=\"_blank\" rel=\"noopener\">&#8211; La fixation tubulaire (pour les lits m\u00e9dicalis\u00e9s, entrep\u00f4ts avec \u00e9tag\u00e8res, zone d\u2019accueil d\u2019entreprises, espaces de travail partag\u00e9s&#8230;)<br \/>\n<\/a><a href=\"https:\/\/www.idforyou.fr\/fr\/magconnect\/339-support-fixation-etau.html\" target=\"_blank\" rel=\"noopener\">&#8211; La fixation en \u00e9tau sur surface plane (pour les bureaux, plan de travail de cuisine, tables de chevet, tables de conf\u00e9rence, et bien d\u2019autres)<br \/>\n<\/a><a href=\"https:\/\/www.idforyou.fr\/fr\/magconnect\/340-support-fixation-murale.html\" target=\"_blank\" rel=\"noopener\">&#8211; La fixation murale (pour les bureaux, cuisines, chambres, armoires, murs, et bien d\u2019autres)<br \/>\n<\/a><a href=\"https:\/\/www.idforyou.fr\/fr\/magconnect\/375-mini-support-fixation-murale.html\" target=\"_blank\" rel=\"noopener\">&#8211; La mini fixation murale\u00a0(pour les bureaux, cuisines, chambres, armoires, murs, et bien d\u2019autres)<\/a><\/span><\/strong><\/span><br \/>\n<span style=\"font-size: 10pt;\"> <strong> <span style=\"font-family: helvetica, arial, sans-serif;\"><a href=\"https:\/\/www.idforyou.fr\/fr\/magconnect\/373-support-magnetique-fixation-murale.html\" target=\"_blank\" rel=\"noopener\">&#8211; La\u00a0fixation aimant\u00e9e (pour surface plane magn\u00e9tique)<\/a><a href=\"https:\/\/www.idforyou.fr\/fr\/magconnect\/340-support-magconnect-fixation-murale-support-seul.html\" target=\"_blank\" rel=\"noopener\"><br \/>\n<\/a><a href=\"https:\/\/www.idforyou.fr\/fr\/magconnect\/341-support-magconnect-fixation-rail-auto.html\" target=\"_blank\" rel=\"noopener\">&#8211; La fixation sous si\u00e8ge avant passager automobile (pour les routiers, ceux qui font de longs trajets, et bien d\u2019autre)<br \/>\n<\/a><a href=\"https:\/\/www.idforyou.fr\/fr\/magconnect\/342-support-fixation-appuie-tete-auto.html\" target=\"_blank\" rel=\"noopener\">&#8211; La fixation sur appuie-t\u00eate automobile (pour les longs trajets comme pour les plus courts)<br \/>\n<\/a><a href=\"https:\/\/www.idforyou.fr\/fr\/magconnect\/343-support-fixation-porte-gobelet-auto.html\" target=\"_blank\" rel=\"noopener\">&#8211; La fixation sur porte gobelet automobile (pour les longs trajets comme pour les plus courts)<br \/>\n<\/a><a href=\"https:\/\/www.idforyou.fr\/fr\/magconnect\/344-support-fixation-tube-fauteuil-roulant.html\" target=\"_blank\" rel=\"noopener\">&#8211; La fixation tubulaire pour fauteuil roulant\u00a0(pour les personnes souffrant d\u2019un handicap moteur)<br \/>\n<\/a><a href=\"https:\/\/www.idforyou.fr\/fr\/magconnect\/334-support-fixation-rail-fauteuil-roulant.html\" target=\"_blank\" rel=\"noopener\">&#8211; La fixation sur rail pour fauteuil roulant\u00a0(pour r\u00e9pondre aux besoins sp\u00e9cifiques des utilisateurs souffrant dun handicap moteur)<br \/>\n<\/a><a href=\"https:\/\/www.idforyou.fr\/fr\/magconnect\/345-support-de-bureau.html\" target=\"_blank\" rel=\"noopener\">&#8211; Le support de bureau classique (pour tous ceux qui ont besoin de maintenir leur tablette \u00e0 proximit\u00e9 sans avoir \u00e0 la tenir)<br \/>\n<\/a><a href=\"https:\/\/www.idforyou.fr\/fr\/magconnect\/332-stand-retroprojecteur-pour-ipad.html\" target=\"_blank\" rel=\"noopener\">&#8211; La fixation\u00a0pour r\u00e9troprojecteur (id\u00e9ale pour de belles pr\u00e9sentations vid\u00e9o)<\/a><\/span><\/strong><\/span><\/p>\n<p><img loading=\"lazy\" class=\"aligncenter wp-image-72 size-full\" src=\"https:\/\/www.idforyou.fr\/blog\/wp-content\/uploads\/2017\/09\/SCHEMA.jpg\" alt=\"\" width=\"801\" height=\"852\" srcset=\"https:\/\/www.idforyou.fr\/blog\/wp-content\/uploads\/2017\/09\/SCHEMA.jpg 801w, https:\/\/www.idforyou.fr\/blog\/wp-content\/uploads\/2017\/09\/SCHEMA-282x300.jpg 282w, https:\/\/www.idforyou.fr\/blog\/wp-content\/uploads\/2017\/09\/SCHEMA-768x817.jpg 768w\" sizes=\"(max-width: 767px) 89vw, (max-width: 1000px) 54vw, (max-width: 1071px) 543px, 580px\" \/><\/p>\n<p><span style=\"font-size: 14pt; font-family: helvetica, arial, sans-serif;\"><strong>Sp\u00e9cificit\u00e9s<\/strong><\/span><\/p>\n<p><span style=\"font-size: 10pt; font-family: helvetica, arial, sans-serif;\">1. Vari\u00e9t\u00e9 de coques con\u00e7ues sp\u00e9cialement pour iPad Pro, iPad Air 1\/2, iPad 2\/3\/4,<br \/>\niPad mini 1\/2\/3, Surface Pro 3\/4, &#8230;<\/span><br \/>\n<span style=\"font-size: 10pt; font-family: helvetica, arial, sans-serif;\">2. Connection s\u00e9curis\u00e9e, Technologie MagConnect<\/span><br \/>\n<span style=\"font-size: 10pt; font-family: helvetica, arial, sans-serif;\">3. Deux joints sph\u00e9riques pour une rotation \u00e0 360\u00b0<\/span><br \/>\n<span style=\"font-size: 10pt; font-family: helvetica, arial, sans-serif;\">4. Bras en Fibre de Carbone pour plus de solidit\u00e9 et de l\u00e9g\u00e8ret\u00e9<\/span><br \/>\n<span style=\"font-size: 10pt; font-family: helvetica, arial, sans-serif;\">5. Coude articul\u00e9 pour encore plus de flexibilit\u00e9<\/span><br \/>\n<span style=\"font-size: 10pt; font-family: helvetica, arial, sans-serif;\">6.\u00a0Exemple de fixation sur rail. Il existe d&rsquo;autres types de fixation (tr\u00e9pied, tube,<br \/>\n\u00e9tau, mur, &#8230;)<\/span><\/p>\n<hr \/>\n<p><span style=\"font-size: 10pt; font-family: helvetica, arial, sans-serif;\">Une fois votre ou vos support(s) choisi(s), il vous suffit de s\u00e9lectionner la coque de protection pour tablette adapt\u00e9e :<\/span><br \/>\n<span style=\"font-size: 10pt;\"><strong><span style=\"font-family: helvetica, arial, sans-serif;\"><a href=\"https:\/\/www.idforyou.fr\/fr\/coques-magc\/56-coque-magconnect-ipad-air-1-3700726104538.html\" target=\"_blank\" rel=\"noopener\">&#8211; iPad Air 1 &#8211; Classique<\/a><\/span><\/strong><\/span><br \/>\n<span style=\"font-size: 10pt;\"><strong><span style=\"font-family: helvetica, arial, sans-serif;\"><a href=\"https:\/\/www.idforyou.fr\/fr\/coques-etanches\/171-coque-de-protection-etanche-pour-ipad-air-3700726105450.html\" target=\"_blank\" rel=\"noopener\">&#8211; iPad\u00a0Air\u00a01\u00a0&#8211;\u00a0Axtion Bold S\u00e9rie M<\/a><\/span><\/strong><\/span><br \/>\n<span style=\"font-size: 10pt;\"><strong><span style=\"font-family: helvetica, arial, sans-serif;\"><a href=\"https:\/\/www.idforyou.fr\/fr\/coques-magc\/143-coque-magconnect-ipad-air-2-3700726105306.html\" target=\"_blank\" rel=\"noopener\">&#8211; iPad Air 2 &#8211; Classique<\/a><\/span><\/strong><\/span><br \/>\n<span style=\"font-size: 10pt;\"><strong><span style=\"font-family: helvetica, arial, sans-serif;\"><a href=\"https:\/\/www.idforyou.fr\/fr\/coques-etanches\/300-coque-de-protection-etanche-pour-ipad-air-2-3700726107454.html\" target=\"_blank\" rel=\"noopener\">&#8211; iPad Air 2 &#8211;\u00a0Axtion Bold S\u00e9rie M<\/a><\/span><\/strong><\/span><br \/>\n<span style=\"font-size: 10pt;\"><strong><span style=\"font-family: helvetica, arial, sans-serif;\"><a href=\"https:\/\/www.idforyou.fr\/fr\/coques-magc\/335-coque-magconnect-pour-ipad-pro-3700726107621.html\" target=\"_blank\" rel=\"noopener\">&#8211; iPad Pro 12,9&Prime; &#8211; Classique<br \/>\n<\/a><a href=\"https:\/\/www.idforyou.fr\/fr\/coques-magc\/389-coque-de-protection-etanche-pour-ipad-pro-12-9-3700726108734.html?search_query=CWA402&amp;results=1\" target=\"_blank\" rel=\"noopener\">&#8211; iPad Pro 12,9&Prime; &#8211; S\u00e9rie M<\/a><\/span><\/strong><\/span><br \/>\n<span style=\"font-size: 10pt;\"><strong><span style=\"font-family: helvetica, arial, sans-serif;\"><a href=\"https:\/\/www.idforyou.fr\/fr\/coques-magc\/386-coque-magconnect-pour-ipad-pro-9-7-3700726108703.html\" target=\"_blank\" rel=\"noopener\">&#8211; iPad Pro 9,7&Prime; &#8211; Classique<\/a><\/span><\/strong><\/span><br \/>\n<span style=\"font-size: 10pt;\"><strong><span style=\"font-family: helvetica, arial, sans-serif;\"><a href=\"https:\/\/www.idforyou.fr\/fr\/coques-magc\/388-coque-de-protection-etanche-pour-ipad-pro-9-7-3700726108727.html\" target=\"_blank\" rel=\"noopener\">&#8211;\u00a0iPad Pro 9,7&Prime; &#8211; S\u00e9rie M<\/a><\/span><\/strong><\/span><br \/>\n<span style=\"font-size: 10pt;\"><strong><span style=\"font-family: helvetica, arial, sans-serif;\"><a href=\"https:\/\/www.idforyou.fr\/fr\/coques-magc\/58-coque-magconnect-ipad-mini-123-3700726104491.html\" target=\"_blank\" rel=\"noopener\">&#8211; iPad Mini 1\/2\/3 &#8211; Classique<\/a><\/span><\/strong><\/span><br \/>\n<span style=\"font-size: 10pt;\"><strong><span style=\"font-family: helvetica, arial, sans-serif;\"><a href=\"https:\/\/www.idforyou.fr\/fr\/coques-magc\/53-coque-universelle-pour-tablettes-magconnect-de-7-12-3700726104521.html\" target=\"_blank\" rel=\"noopener\">&#8211; Universelles Tablettes &#8211; Prof. max : 0,65&Prime;<\/a><a href=\"https:\/\/www.idforyou.fr\/fr\/magconnect\/53-mcu101-3700726104521.html\" target=\"_blank\" rel=\"noopener\"><br \/>\n<\/a><a href=\"https:\/\/www.idforyou.fr\/fr\/coques-magc\/296-coque-universelle-pour-tablettes-magconnect-de-75-a-12-3700726105771.html\" target=\"_blank\" rel=\"noopener\">&#8211; Universelles Tablettes\u00a0&#8211; Prof. max : 1&Prime;<\/a><\/span><\/strong><\/span><br \/>\n<span style=\"font-size: 10pt;\"><strong><span style=\"font-family: helvetica, arial, sans-serif;\"><a href=\"https:\/\/www.idforyou.fr\/fr\/coques-magc\/226-coque-magconnect-axtion-edge-m-surface-pro3-3700726105818.html\" target=\"_blank\" rel=\"noopener\">&#8211; Surface Pro 3<br \/>\n<\/a><a href=\"https:\/\/www.idforyou.fr\/fr\/coques-magc\/358-coque-magconnect-axtion-edge-m-surface-pro-4-3700726108314.html\" target=\"_blank\" rel=\"noopener\">&#8211; Surface Pro\u00a04<\/a><a href=\"https:\/\/www.idforyou.fr\/fr\/magconnect\/226-cwm100-3700726105818.html\" target=\"_blank\" rel=\"noopener\"><br \/>\n<\/a><a href=\"https:\/\/www.idforyou.fr\/fr\/coques-magc\/193-adaptateur-universel-magconnect-pour-smartphones-3700726105825.html\" target=\"_blank\" rel=\"noopener\">&#8211; Universels Smartphones<br \/>\n<\/a><a href=\"https:\/\/www.idforyou.fr\/fr\/coques-magc\/438-module-adhesif-pour-transformation-magconnect-3700726108192.html\" target=\"_blank\" rel=\"noopener\">&#8211; Module adh\u00e9sif pour transformation MagConnect<\/a><\/span><\/strong><\/span><\/p>\n<p style=\"text-align: justify;\"><span style=\"font-size: 10pt; font-family: helvetica, arial, sans-serif;\">Vous b\u00e9n\u00e9ficierez ainsi de toute la magie de cette technologie avant-gardiste. Votre support est compos\u00e9 de bras en fibre de carbone qui le rend extr\u00eamement solide, tout en alliant un joli design.<\/span><\/p>\n<p style=\"text-align: center;\"><span style=\"font-size: 10pt; font-family: helvetica, arial, sans-serif;\">CHANGEZ DE TABLETTES EN TOUTE QUIETUDE, IL VOUS SUFFIRA DE REVENIR<br \/>\nCHEZ NOUS POUR TROUVER LA COQUE CORRESPONDANTE AFIN DE CONTINUER<br \/>\nA PROFITER DE VOTRE FABULEUX SUPPORT MAGCONNECT.<\/span><\/p>\n<p style=\"text-align: center;\"><span style=\"font-size: 14pt; font-family: helvetica, arial, sans-serif; color: #a7c4c8;\"><strong>UN GRAND MERCI, THE JOY FACTORY<\/strong><\/span><\/p>\n","protected":false},"excerpt":{"rendered":"<p>La technologie MagConnect\u2122, brevet\u00e9e par THE JOY FACTORY, est r\u00e9volutionnaire. En effet, elle permet une parfaite fixation de votre iPad gr\u00e2ce \u00e0 un aimant de 3 cm de diam\u00e8tre, situ\u00e9 au dos de la coque de protection.\u00a0Cette fixation est elle-m\u00eame s\u00e9curis\u00e9e par une petite vis de serrage qui garantit une stabilit\u00e9 \u00e0 toute \u00e9preuve ! &hellip; <\/p>\n<p class=\"link-more\"><a href=\"https:\/\/www.idforyou.fr\/blog\/decouvrez-la-magie-de-la-technologie-magconnect\/\" class=\"more-link\">Continuer la lecture<span class=\"screen-reader-text\"> de &laquo;&nbsp;\u00ab D\u00e9couvrez la magie de la technologie MagConnect\u2122\u00a0\u00bb&nbsp;&raquo;<\/span><\/a><\/p>\n","protected":false},"author":2,"featured_media":0,"parent":0,"menu_order":0,"comment_status":"closed","ping_status":"closed","template":"","meta":[],"_links":{"self":[{"href":"https:\/\/www.idforyou.fr\/blog\/wp-json\/wp\/v2\/pages\/68"}],"collection":[{"href":"https:\/\/www.idforyou.fr\/blog\/wp-json\/wp\/v2\/pages"}],"about":[{"href":"https:\/\/www.idforyou.fr\/blog\/wp-json\/wp\/v2\/types\/page"}],"author":[{"embeddable":true,"href":"https:\/\/www.idforyou.fr\/blog\/wp-json\/wp\/v2\/users\/2"}],"replies":[{"embeddable":true,"href":"https:\/\/www.idforyou.fr\/blog\/wp-json\/wp\/v2\/comments?post=68"}],"version-history":[{"count":19,"href":"https:\/\/www.idforyou.fr\/blog\/wp-json\/wp\/v2\/pages\/68\/revisions"}],"predecessor-version":[{"id":412,"href":"https:\/\/www.idforyou.fr\/blog\/wp-json\/wp\/v2\/pages\/68\/revisions\/412"}],"wp:attachment":[{"href":"https:\/\/www.idforyou.fr\/blog\/wp-json\/wp\/v2\/media?parent=68"}],"curies":[{"name":"wp","href":"https:\/\/api.w.org\/{rel}","templated":true}]}}